{"id":240,"date":"2020-11-05T22:54:53","date_gmt":"2020-11-05T22:54:53","guid":{"rendered":"https:\/\/dev.soma.group\/?page_id=240"},"modified":"2021-12-02T06:49:45","modified_gmt":"2021-12-02T06:49:45","slug":"arte-abierto","status":"publish","type":"page","link":"https:\/\/soma.group\/es\/business-units\/soma-contemporary-art\/arte-abierto\/","title":{"rendered":"Fundaci\u00f3n Arte Abierto"},"content":{"rendered":"","protected":false},"excerpt":{"rendered":"","protected":false},"author":1,"featured_media":247,"parent":16,"menu_order":11,"comment_status":"closed","ping_status":"closed","template":"templates\/art-template.php","meta":{"_acf_changed":false,"footnotes":""},"class_list":["post-240","page","type-page","status-publish","has-post-thumbnail","hentry"],"acf":[],"yoast_head":"<!-- This site is optimized with the Yoast SEO plugin v27.3 - https:\/\/yoast.com\/product\/yoast-seo-wordpress\/ -->\n<title>Fundaci\u00f3n Arte Abierto<\/title>\n<meta name=\"description\" content=\"Fomentamos el inter\u00e9s por el arte contempor\u00e1neo entre p\u00fablicos diversos a trav\u00e9s de programas de actividades que estimulan el aprendizaje.\" \/>\n<meta name=\"robots\" content=\"index, follow, max-snippet:-1, max-image-preview:large, max-video-preview:-1\" \/>\n<link rel=\"canonical\" href=\"https:\/\/soma.group\/es\/business-units\/soma-contemporary-art\/arte-abierto\/\" \/>\n<meta property=\"og:locale\" content=\"es_ES\" \/>\n<meta property=\"og:locale:alternate\" content=\"en_US\" \/>\n<meta property=\"og:type\" content=\"article\" \/>\n<meta property=\"og:title\" content=\"Fundaci\u00f3n Arte Abierto\" \/>\n<meta property=\"og:description\" content=\"We foster interest in contemporary art among diverse audiences through activity programs that stimulate learning and creative experiences.\" \/>\n<meta property=\"og:url\" content=\"https:\/\/soma.group\/es\/business-units\/soma-contemporary-art\/arte-abierto\/\" \/>\n<meta property=\"og:site_name\" content=\"SOMA\" \/>\n<meta property=\"article:modified_time\" content=\"2021-12-02T06:49:45+00:00\" \/>\n<meta property=\"og:image\" content=\"https:\/\/soma.group\/wp-content\/uploads\/2020\/11\/art_thumb_1.png\" \/>\n\t<meta property=\"og:image:width\" content=\"952\" \/>\n\t<meta property=\"og:image:height\" content=\"565\" \/>\n\t<meta property=\"og:image:type\" content=\"image\/png\" \/>\n<meta name=\"twitter:card\" content=\"summary_large_image\" \/>\n<!-- \/ Yoast SEO plugin. -->","yoast_head_json":{"title":"Fundaci\u00f3n Arte Abierto","description":"Fomentamos el inter\u00e9s por el arte contempor\u00e1neo entre p\u00fablicos diversos a trav\u00e9s de programas de actividades que estimulan el aprendizaje.","robots":{"index":"index","follow":"follow","max-snippet":"max-snippet:-1","max-image-preview":"max-image-preview:large","max-video-preview":"max-video-preview:-1"},"canonical":"https:\/\/soma.group\/es\/business-units\/soma-contemporary-art\/arte-abierto\/","og_locale":"es_ES","og_type":"article","og_title":"[:en]Fundaci\u00f3n Arte Abierto[:es]Fundaci\u00f3n Arte Abierto[:] - SOMA","og_description":"We foster interest in contemporary art among diverse audiences through activity programs that stimulate learning and creative experiences.","og_url":"https:\/\/soma.group\/es\/business-units\/soma-contemporary-art\/arte-abierto\/","og_site_name":"SOMA","article_modified_time":"2021-12-02T06:49:45+00:00","og_image":[{"width":952,"height":565,"url":"https:\/\/soma.group\/wp-content\/uploads\/2020\/11\/art_thumb_1.png","type":"image\/png"}],"twitter_card":"summary_large_image","schema":{"@context":"https:\/\/schema.org","@graph":[{"@type":"WebPage","@id":"https:\/\/soma.group\/business-units\/soma-contemporary-art\/arte-abierto\/","url":"https:\/\/soma.group\/business-units\/soma-contemporary-art\/arte-abierto\/","name":"Fundaci\u00f3n Arte Abierto","isPartOf":{"@id":"https:\/\/soma.group\/#website"},"primaryImageOfPage":{"@id":"https:\/\/soma.group\/business-units\/soma-contemporary-art\/arte-abierto\/#primaryimage"},"image":{"@id":"https:\/\/soma.group\/business-units\/soma-contemporary-art\/arte-abierto\/#primaryimage"},"thumbnailUrl":"https:\/\/soma.group\/wp-content\/uploads\/2020\/11\/art_thumb_1.png","datePublished":"2020-11-05T22:54:53+00:00","dateModified":"2021-12-02T06:49:45+00:00","description":"We foster interest in contemporary art among diverse audiences through activity programs that stimulate learning and creative experiences.","breadcrumb":{"@id":"https:\/\/soma.group\/business-units\/soma-contemporary-art\/arte-abierto\/#breadcrumb"},"inLanguage":"es-ES","potentialAction":[{"@type":"ReadAction","target":["https:\/\/soma.group\/business-units\/soma-contemporary-art\/arte-abierto\/"]}]},{"@type":"ImageObject","inLanguage":"es-ES","@id":"https:\/\/soma.group\/business-units\/soma-contemporary-art\/arte-abierto\/#primaryimage","url":"https:\/\/soma.group\/wp-content\/uploads\/2020\/11\/art_thumb_1.png","contentUrl":"https:\/\/soma.group\/wp-content\/uploads\/2020\/11\/art_thumb_1.png","width":952,"height":565,"caption":"SOMA Art"},{"@type":"BreadcrumbList","@id":"https:\/\/soma.group\/business-units\/soma-contemporary-art\/arte-abierto\/#breadcrumb","itemListElement":[{"@type":"ListItem","position":1,"name":"Home","item":"https:\/\/soma.group\/"},{"@type":"ListItem","position":2,"name":"Our Units","item":"https:\/\/soma.group\/business-units\/"},{"@type":"ListItem","position":3,"name":"SOMA Art","item":"https:\/\/soma.group\/business-units\/soma-contemporary-art\/"},{"@type":"ListItem","position":4,"name":"Fundaci\u00f3n Arte Abierto"}]},{"@type":"WebSite","@id":"https:\/\/soma.group\/#website","url":"https:\/\/soma.group\/","name":"SOMA","description":"","publisher":{"@id":"https:\/\/soma.group\/#organization"},"potentialAction":[{"@type":"SearchAction","target":{"@type":"EntryPoint","urlTemplate":"https:\/\/soma.group\/?s={search_term_string}"},"query-input":{"@type":"PropertyValueSpecification","valueRequired":true,"valueName":"search_term_string"}}],"inLanguage":"es-ES"},{"@type":"Organization","@id":"https:\/\/soma.group\/#organization","name":"SOMA","url":"https:\/\/soma.group\/","logo":{"@type":"ImageObject","inLanguage":"es-ES","@id":"https:\/\/soma.group\/#\/schema\/logo\/image\/","url":"https:\/\/soma.group\/wp-content\/uploads\/2020\/10\/soma_black.svg","contentUrl":"https:\/\/soma.group\/wp-content\/uploads\/2020\/10\/soma_black.svg","width":151,"height":37,"caption":"SOMA"},"image":{"@id":"https:\/\/soma.group\/#\/schema\/logo\/image\/"}}]}},"_links":{"self":[{"href":"https:\/\/soma.group\/es\/wp-json\/wp\/v2\/pages\/240","targetHints":{"allow":["GET"]}}],"collection":[{"href":"https:\/\/soma.group\/es\/wp-json\/wp\/v2\/pages"}],"about":[{"href":"https:\/\/soma.group\/es\/wp-json\/wp\/v2\/types\/page"}],"author":[{"embeddable":true,"href":"https:\/\/soma.group\/es\/wp-json\/wp\/v2\/users\/1"}],"replies":[{"embeddable":true,"href":"https:\/\/soma.group\/es\/wp-json\/wp\/v2\/comments?post=240"}],"version-history":[{"count":17,"href":"https:\/\/soma.group\/es\/wp-json\/wp\/v2\/pages\/240\/revisions"}],"predecessor-version":[{"id":1694,"href":"https:\/\/soma.group\/es\/wp-json\/wp\/v2\/pages\/240\/revisions\/1694"}],"up":[{"embeddable":true,"href":"https:\/\/soma.group\/es\/wp-json\/wp\/v2\/pages\/16"}],"wp:featuredmedia":[{"embeddable":true,"href":"https:\/\/soma.group\/es\/wp-json\/wp\/v2\/media\/247"}],"wp:attachment":[{"href":"https:\/\/soma.group\/es\/wp-json\/wp\/v2\/media?parent=240"}],"curies":[{"name":"wp","href":"https:\/\/api.w.org\/{rel}","templated":true}]}}