{"id":1710,"date":"2021-12-02T18:17:58","date_gmt":"2021-12-02T18:17:58","guid":{"rendered":"https:\/\/dev.soma.group\/?page_id=1710"},"modified":"2022-01-05T23:55:34","modified_gmt":"2022-01-05T23:55:34","slug":"privacy-policy","status":"publish","type":"page","link":"https:\/\/soma.group\/es\/privacy-policy\/","title":{"rendered":"Pol\u00edtica de Privacidad"},"content":{"rendered":"<h3 class=\"p1\"><span class=\"s1\">Aviso de privacidad<\/span><\/h3>\n<p class=\"p1\"><span class=\"s1\">Pangea Administraci\u00f3n, S.C. (\u201cPangea Administraci\u00f3n\u201d), es una empresa consciente de la responsabilidad y confianza que usted deposita en nosotros, dedicada a proveer servicios relacionados a la administraci\u00f3n de FIBRA SOMA, fideicomisos de Inversi\u00f3n y dem\u00e1s servicios establecidos en t\u00e9rminos designados por FIBRA SOMA, por esto Pangea Administraci\u00f3n se encuentra comprometida con el buen tratamiento que dar\u00e1 a sus datos personales, por lo que en todo momento guardar\u00e1 la confidencialidad de la informaci\u00f3n que se le proporciona y actuar\u00e1 conforme a la regulaci\u00f3n nacional e internacional aplicable en materia de protecci\u00f3n de datos personales.<\/span><\/p>\n<p>&nbsp;<\/p>\n<p class=\"p1\">Pangea Administraci\u00f3n agradece su inter\u00e9s en la p\u00e1gina web fibrasoma.group (el \u201cSitio Web\u201d) y, a trav\u00e9s del presente aviso de privacidad (el \u201cAviso de Privacidad\u201d), (i) se pone a sus \u00f3rdenes para cualquier duda o comentario que tenga sobre el presente Aviso de Privacidad en el contacto que se identifica al final de este documento; y (ii) en cumplimiento a la Ley Federal de Protecci\u00f3n de Datos Personales en Posesi\u00f3n de Particulares, su Reglamento, as\u00ed como los Lineamientos del Aviso de Privacidad publicados en el Diario Oficial de la Federaci\u00f3n el 17 de enero de 2013 (conjuntamente, la \u201cLey de Datos Personales\u201d), hace de su conocimiento lo siguiente:<\/p>\n<p>&nbsp;<\/p>\n<p class=\"p1\"><strong><span class=\"s1\">I. RESPONSABLE.<\/span><\/strong><\/p>\n<p class=\"p1\"><span class=\"s1\">El responsable del tratamiento de Datos Personales (seg\u00fan dicho t\u00e9rmino se define en la Ley de Datos Personales) es Pangea Administraci\u00f3n, con domicilio en Corporativo Antara II Piso 3. Avenida Ej\u00e9rcito Nacional 843-B, Colonia Granada, Alcald\u00eda Miguel Hidalgo, C\u00f3digo Postal 11520, Ciudad de M\u00e9xico, M\u00e9xico.<\/span><\/p>\n<p>&nbsp;<\/p>\n<p class=\"p1\"><strong><span class=\"s1\">II. DATOS PERSONALES SOLICITADOS.<\/span><\/strong><\/p>\n<p class=\"p1\"><span class=\"s1\">Pangea Administraci\u00f3n podr\u00e1 solicitar los siguientes Datos Personales:<\/span><\/p>\n<p class=\"p1\"><span class=\"s1\">&#8211; Nombre y apellidos<br \/>\n<\/span><\/p>\n<p class=\"p1\"><span class=\"s1\">&#8211; Correo electr\u00f3nico<br \/>\n<\/span><\/p>\n<p class=\"p1\"><span class=\"s1\">&#8211; Tel\u00e9fono<br \/>\n<\/span><\/p>\n<p class=\"p1\"><span class=\"s1\">&#8211; Preferencias sobre las materias en las que estar\u00eda interesado en recibir informaci\u00f3n y\/o publicidad<\/span><\/p>\n<p>&nbsp;<\/p>\n<p class=\"p1\"><strong><span class=\"s1\">III. FINALIDADES.<\/span><\/strong><\/p>\n<p class=\"p1\">Las finalidades por las que Pangea Administraci\u00f3n, podr\u00eda solicitar, obtener, almacenar y\/o utilizar los Datos Personales son las siguientes:<\/p>\n<p>&nbsp;<\/p>\n<p class=\"p1\"><span class=\"s1\">a. <\/span>Finalidades que dan origen y son necesarias para la existencia, mantenimiento y cumplimiento de la relaci\u00f3n jur\u00eddica entre usted y Pangea Administraci\u00f3n:<\/p>\n<p class=\"p1\">&#8211; Mantener una relaci\u00f3n con usted, como usuario, cliente, o persona interesada en los servicios e investigaciones que realiza Pangea Administraci\u00f3n;<\/p>\n<p class=\"p1\">&#8211; Para control estad\u00edstico del uso de los servicios de Pangea Administraci\u00f3n, y sus empresas filiales;<\/p>\n<p class=\"p1\">&#8211; Para poder desarrollar un adecuado servicio legal para sus clientes, usuarios o cualquier interesado en los servicios que brinda Pangea Administraci\u00f3n;<\/p>\n<p class=\"p1\">&#8211; Atender a la solicitud de informaci\u00f3n, productos, servicios, quejas, preguntas o comentarios; y,<\/p>\n<p class=\"p1\">&#8211; Creaci\u00f3n de bases de datos para fines de seguimiento a consultas, asesor\u00edas, y dem\u00e1s temas relacionados.<\/p>\n<p>&nbsp;<\/p>\n<p class=\"p1\">b. Finalidades secundarias:<\/p>\n<p class=\"p1\">&#8211; Env\u00edo de informaci\u00f3n, revistas, noticias de temas inmobiliarios y en general noticias de arquitectura y de la industria inmobiliaria, as\u00ed como comunicaciones y publicidad.<\/p>\n<p>&nbsp;<\/p>\n<p class=\"p1\">Si no desea recibir la anterior informaci\u00f3n, usted puede manifestar su negativa para el tratamiento de sus Datos Personales para dichas finalidades secundarias, enviando un correo electr\u00f3nico al contacto que se se\u00f1ala en el presente Aviso de Privacidad.<\/p>\n<p>&nbsp;<\/p>\n<p class=\"p1\"><strong><span class=\"s1\">IV. FORMA DE OBTENER LOS DATOS PERSONALES.<\/span><\/strong><\/p>\n<p class=\"p1\">&#8211; De manera personal: Pangea Administraci\u00f3n podr\u00e1 obtener y tratar los Datos Personales que usted proporcione de manera personal al personal de Pangea Administraci\u00f3n, quienes pondr\u00e1n a su disposici\u00f3n el presente Aviso de Privacidad previo al tratamiento de sus Datos Personales.<\/p>\n<p class=\"p1\">&#8211; Directamente de usted: Pangea Administraci\u00f3n tambi\u00e9n obtendr\u00e1 y tratar\u00e1 Datos Personales que usted directamente proporcione a trav\u00e9s de medios electr\u00f3nicos, \u00f3pticos, sonoros, visuales, o a trav\u00e9s de cualquier otra tecnolog\u00eda, incluyendo aquellos que se soliciten y obtengan por medio del Sitio Web.<\/p>\n<p>&nbsp;<\/p>\n<p class=\"p1\">En caso de que los datos sean obtenidos de manera telef\u00f3nica, usted podr\u00e1 escuchar que Pangea Administraci\u00f3n pone a su disposici\u00f3n el presente Aviso de Privacidad dentro del Sitio Web; lo anterior, con la finalidad de que usted cuente con la informaci\u00f3n necesaria para la protecci\u00f3n de sus Datos Personales y el ejercicio de los derechos reconocidos por la Ley de Datos Personales.<\/p>\n<p>&nbsp;<\/p>\n<p class=\"p1\">De cualquier forma, Pangea Administraci\u00f3n le dar\u00e1 a conocer los medios por los cuales estar\u00e1 a su alcance el Aviso de Privacidad y para su seguridad previa la recolecci\u00f3n de Datos Personales, se le informar\u00e1 la identidad y el domicilio de Pangea Administraci\u00f3n, as\u00ed como las finalidades del tratamiento de sus Datos Personales.<\/p>\n<p>&nbsp;<\/p>\n<p class=\"p1\"><strong><span class=\"s1\">V. CONSENTIMIENTO PARA EL USO DE DATOS PERSONALES.<\/span><\/strong><\/p>\n<p class=\"p1\">El tratamiento de los Datos Personales estar\u00e1 siempre sujeto al consentimiento que usted proporcione de manera t\u00e1cita, entendiendo por conocimiento t\u00e1cito cuando habi\u00e9ndose puesto a su disposici\u00f3n el presente Aviso de Privacidad mediante su publicaci\u00f3n en el Sitio Web, usted no manifieste oposici\u00f3n alguna.<\/p>\n<p>&nbsp;<\/p>\n<p class=\"p1\">No ser\u00e1 necesario el consentimiento para el tratamiento de los Datos Personales cuando:<\/p>\n<p class=\"p1\">I. Est\u00e9 previsto en una Ley;<\/p>\n<p class=\"p1\">II. Los datos figuren en fuentes de acceso p\u00fablico;<\/p>\n<p class=\"p1\">III. Los Datos Personales se sometan a un procedimiento previo de disociaci\u00f3n;<\/p>\n<p class=\"p1\">IV. Tenga el prop\u00f3sito de cumplir obligaciones derivadas de una relaci\u00f3n jur\u00eddica entre usted y Pangea Administraci\u00f3n;<\/p>\n<p class=\"p1\">V. Exista una situaci\u00f3n de emergencia que potencialmente pueda da\u00f1ar a un individuo en su persona o en sus bienes;<\/p>\n<p class=\"p1\">VI. Sean indispensables para la atenci\u00f3n m\u00e9dica, la prevenci\u00f3n, diagn\u00f3stico, la prestaci\u00f3n de asistencia sanitaria, tratamientos m\u00e9dicos o la gesti\u00f3n de servicios sanitarios, mientras el Titular no est\u00e9 en condiciones de otorgar el consentimiento, en los t\u00e9rminos que establece la Ley General de Salud y dem\u00e1s disposiciones jur\u00eddicas aplicables y que dicho tratamiento de datos se realice por una persona sujeta al secreto profesional u obligaci\u00f3n equivalente, o<\/p>\n<p class=\"p1\">VII. Se dicte resoluci\u00f3n de autoridad competente.<\/p>\n<p>&nbsp;<\/p>\n<p class=\"p1\"><strong><span class=\"s1\">VI. ALMACENAMIENTO DE DATOS.<\/span><\/strong><\/p>\n<p class=\"p1\"><span class=\"s1\">Pangea Administraci\u00f3n almacenar\u00e1 los Datos Personales durante el periodo de tiempo requerido para realizar el servicio por el cual fueron recabados los datos y las finalidades por las que se solicitaron (descritas en el punto III del presente Aviso de Privacidad).<\/span><\/p>\n<p>&nbsp;<\/p>\n<p class=\"p1\"><strong><span class=\"s1\">VII. USO DE COOKIES Y OTRAS TECNOLOG\u00cdAS DE RASTREO.<\/span><\/strong><\/p>\n<p class=\"p1\"><span class=\"s1\">El Sitio Web recopila cierta informaci\u00f3n de los usuarios de esta, a trav\u00e9s de cookies, mismas que son instaladas y almacenadas en la computadora de nuestros usuarios, o en sus dispositivos electr\u00f3nicos y\/o navegadores, y son utilizadas para determinar las preferencias de los usuarios que se conectan a las funciones y servicios de nuestro sitio web, as\u00ed como para rastrear determinados comportamientos o actividades llevadas a cabo dentro de la p\u00e1gina web. Las cookies no ser\u00e1n utilizadas para identificar a nuestros usuarios, con excepci\u00f3n de los casos en que se investiguen posibles actividades fraudulentas, ilegales y\/o delictivas. Si no est\u00e1 de acuerdo con la implementaci\u00f3n de las cookies, puede desactivarlas a trav\u00e9s de las opciones o herramientas que le proporciona directamente para ello su navegador<\/span>.<\/p>\n<p>&nbsp;<\/p>\n<p class=\"p1\"><strong><span class=\"s1\">VIII. PROTECCION DE DATOS.<\/span><\/strong><\/p>\n<p class=\"p1\"><span class=\"s1\">Pangea Administraci\u00f3n, en cumplimento con la Ley de Datos Personales, ha adoptado las medidas de seguridad f\u00edsicas, administrativas y tecnol\u00f3gicas legalmente requeridas; asimismo, por medio del presente Aviso de Privacidad le informa que Pangea Administraci\u00f3n cuenta con los medios y medidas t\u00e9cnicas suficientes para evitar la p\u00e9rdida, mal uso, alteraci\u00f3n, acceso no autorizado o robo de los Datos Personales<\/span>.<\/p>\n<p>&nbsp;<\/p>\n<p class=\"p1\"><strong><span class=\"s1\">IX. TRANSFERENCIA Y REMISI\u00d3N DE DATOS PERSONALES.<\/span><\/strong><\/p>\n<p class=\"p1\">Pangea Administraci\u00f3n podr\u00e1 transferir los Datos Personales a sus afiliadas, subsidiarias, sociedades controladoras, matrices o dem\u00e1s sociedades pertenecientes a FIBRA SOMA, las cuales operan bajo los mismos procesos y pol\u00edticas internas, o bien, en los casos en los que dicha transferencia sea precisa a fin de mantener la relaci\u00f3n que Pangea Administraci\u00f3n tiene con usted.<\/p>\n<p>&nbsp;<\/p>\n<p class=\"p1\">Pangea Administraci\u00f3n podr\u00e1 transferir sus Datos Personales en el curso de transacciones, por ejemplo, la venta, transferencia, fusi\u00f3n o reorganizaci\u00f3n de cualquier parte del negocio de Pangea Administraci\u00f3n o la venta o transferencia de activos. En estos casos, Pangea Administraci\u00f3n podr\u00e1 divulgar sus Datos Personales a cualquier posible comprador, nuevo propietario u otro tercero involucrado en dicho cambio. El consentimiento para la transferencia de sus Datos de acuerdo con los t\u00e9rminos aqu\u00ed dispuestos se considerar\u00e1 t\u00e1citamente otorgado si usted no manifiesta oposici\u00f3n a este Aviso de Privacidad.<\/p>\n<p>&nbsp;<\/p>\n<p class=\"p1\">Asimismo, se podr\u00e1n remitir sus Datos Personales a proveedores de servicios, siempre y cuando tengan relaci\u00f3n con alguna de las finalidades a las que se hace referencia en el presente Aviso de Privacidad, o para control estad\u00edstico y mercadol\u00f3gico sobre el uso de productos de Pangea Administraci\u00f3n<\/p>\n<p>&nbsp;<\/p>\n<p class=\"p1\"><strong><span class=\"s1\">X. DERECHOS ARCO (Acceso, Rectificaci\u00f3n, Cancelaci\u00f3n y Oposici\u00f3n).<\/span><\/strong><\/p>\n<p class=\"p1\">En cualquier momento usted puede ejercitar los siguientes derechos (conjuntamente, los \u201cDerechos ARCO\u201d):<\/p>\n<p>&nbsp;<\/p>\n<p class=\"p1\">1. Acceso: Previa solicitud, los Datos Personales ser\u00e1n enviados a usted sin costo alguno (excepto por los gastos de env\u00edo y costo de reproducci\u00f3n) mediante copias f\u00edsicas, documentos electr\u00f3nicos o por cualquier otro medio que se se\u00f1ale en este Aviso de Privacidad.<\/p>\n<p class=\"p1\">2. Rectificaci\u00f3n: Si sus Datos Personales son inexactos o incompletos, usted tendr\u00e1 derecho a solicitar su rectificaci\u00f3n.<\/p>\n<p class=\"p1\">3. Oposici\u00f3n: Tendr\u00e1 derecho en todo momento y por causa leg\u00edtima a oponerse al tratamiento de sus Datos Personales cuando \u00e9ste se realice para una finalidad distinta de las se\u00f1aladas en este Aviso de Privacidad. De resultar procedente, Pangea Administraci\u00f3n no podr\u00e1 dar tratamiento a sus Datos Personales.<\/p>\n<p class=\"p1\">4. Cancelaci\u00f3n. Una vez que Pangea Administraci\u00f3n haya recibido una solicitud de cancelaci\u00f3n, sus Datos Personales estar\u00e1n sujetos a un periodo de bloqueo, tras el cual se proceder\u00e1 a la supresi\u00f3n de sus Datos Personales. Pangea Administraci\u00f3n le notificar\u00e1 cuando el proceso de cancelaci\u00f3n haya concluido. Pangea Administraci\u00f3n no estar\u00e1 obligada a cancelar los Datos Personales cuando la conservaci\u00f3n de dichos Datos Personales sea requerida disposici\u00f3n legal.<\/p>\n<p>&nbsp;<\/p>\n<p class=\"p1\">Para poder hacer valer los Derechos ARCO, es necesario que dirija una solicitud al contacto establecido en este Aviso de Privacidad, con los requisitos que se detallan a continuaci\u00f3n:<\/p>\n<p>&nbsp;<\/p>\n<p class=\"p1\">(i) nombre, domicilio y correo electr\u00f3nico para comunicarle la respuesta a su solicitud;<\/p>\n<p class=\"p1\">(ii) documentos que acrediten su identidad del Titular (por ejemplo, copia de credencial de elector, pasaporte o cualquier otra identificaci\u00f3n oficial), o en su caso, la representaci\u00f3n legal de quien act\u00fae en su nombre;<\/p>\n<p class=\"p1\">(iii) la descripci\u00f3n clara y precisa de los Datos Personales respecto de los que busca ejercer alguno de los derechos antes mencionados;<\/p>\n<p class=\"p1\">(iv) cualquier otro elemento o documento que facilite la localizaci\u00f3n de sus Datos Personales;<\/p>\n<p class=\"p1\">(v) especificar claramente si la solicitud es de acceso, rectificaci\u00f3n, cancelaci\u00f3n u oposici\u00f3n, as\u00ed como el motivo de la solicitud; y<\/p>\n<p class=\"p1\">(vi) en caso de solicitar la rectificaci\u00f3n de sus Datos Personales, deber\u00e1 de indicar tambi\u00e9n, las modificaciones a realizarse y aportar la documentaci\u00f3n que sustente su petici\u00f3n.<\/p>\n<p>&nbsp;<\/p>\n<p class=\"p1\">El procedimiento que Pangea Administraci\u00f3n adoptar\u00e1 una vez que haya recibido la solicitud consta en lo siguiente:<\/p>\n<p>&nbsp;<\/p>\n<p class=\"p1\">Har\u00e1 de su conocimiento en un plazo m\u00e1ximo de 20 (veinte) d\u00edas naturales, contados a partir de la fecha en que haya recibido la solicitud, la determinaci\u00f3n adoptada, y en caso de que la misma resulte procedente, se har\u00e1 efectiva dentro de los 15 (quince) d\u00edas naturales siguientes a la fecha en que se comunique su procedencia.<\/p>\n<p>&nbsp;<\/p>\n<p class=\"p1\">Se le informa que Pangea Administraci\u00f3n podr\u00e1 ampliar los plazos antes referidos cuando las particularidades del caso as\u00ed lo ameriten. Lo anterior se le notificar\u00e1 por el mismo medio por el que haya sido realizada la solicitud.<\/p>\n<p>&nbsp;<\/p>\n<p class=\"p1\"><strong><span class=\"s1\">XI. L\u00cdMITE AL USO O DIVULGACI\u00d3N DE SUS DATOS Y REVOCACI\u00d3N DEL CONSENTIMIENTO.<\/span><\/strong><\/p>\n<p class=\"p1\">Tendr\u00e1 derecho en todo momento y por causa leg\u00edtima a limitar el uso o divulgaci\u00f3n de sus Datos Personales por Pangea Administraci\u00f3n, salvo que los l\u00edmites al uso o divulgaci\u00f3n que usted desee establecer obstaculicen la realizaci\u00f3n de las finalidades para la cual se recabaron dichos datos, seg\u00fan se establece en el presente Aviso de Privacidad. De resultar procedente, Pangea Administraci\u00f3n usar\u00e1 o divulgar\u00e1 sus Datos Personales de conformidad con los l\u00edmites que usted indique por escrito.<\/p>\n<p>&nbsp;<\/p>\n<p class=\"p1\">Siempre que la revocaci\u00f3n del consentimiento no resulte en la imposibilidad de cumplir con alguna de las obligaciones adquiridas en virtud de la relaci\u00f3n entre usted y Pangea Administraci\u00f3n, el consentimiento otorgado por usted para el tratamiento de sus Datos Personales podr\u00e1 ser revocado mediante la entrega de una notificaci\u00f3n por escrito dirigida al contacto que se se\u00f1ala en este Aviso de Privacidad. La revocaci\u00f3n ser\u00e1 efectiva a partir de la fecha en que recibamos su solicitud<span class=\"s1\">.<\/span><\/p>\n<p>&nbsp;<\/p>\n<p class=\"p1\"><strong><span class=\"s1\">XII. RECOPILACION DE INFORMACION POR PARTE DE TERCEROS.<\/span><\/strong><\/p>\n<p class=\"p1\">El Sitio Web contiene enlaces a otros sitios cuyas pr\u00e1cticas de informaci\u00f3n pueden ser diferentes a las del Portal.<\/p>\n<p>&nbsp;<\/p>\n<p class=\"p1\">En caso de visitar otros sitios, es responsabilidad del Titular consultar las condiciones de privacidad de dichos sitios. Pangea Administraci\u00f3n en ning\u00fan caso y bajo ninguna circunstancia ser\u00e1 responsable por el tratamiento que otros sitios distintos al Sitio Web den a sus Datos Personales.<\/p>\n<p>&nbsp;<\/p>\n<p class=\"p1\"><strong><span class=\"s1\">XIII. ACTUALIZACION DEL AVISO<\/span><\/strong><strong><span class=\"s1\">.<\/span><\/strong><\/p>\n<p class=\"p1\">Pangea Administraci\u00f3n se reserva el derecho de modificar el presente Aviso de Privacidad para adaptarla a novedades legislativas o jurisprudenciales, as\u00ed como a pr\u00e1cticas de la industria. En dichos supuestos, Pangea Administraci\u00f3n anunciar\u00e1 en el Sitio Web los cambios introducidos con razonable antelaci\u00f3n a su puesta en pr\u00e1ctica.<\/p>\n<p>&nbsp;<\/p>\n<p class=\"p1\"><strong><span class=\"s1\">XIV. CONTACTO<\/span><\/strong><strong><span class=\"s1\">.<\/span><\/strong><\/p>\n<p class=\"p1\">En caso de tener preguntas o sugerencias, puede contactar al Oficial de Cumplimiento de Datos Personales designado por Pangea Administraci\u00f3n para atender las solicitudes que se relacionen con el tratamiento de sus Datos Personales, en la siguiente direcci\u00f3n y\/o correo electr\u00f3nico:<\/p>\n<p>&nbsp;<\/p>\n<p class=\"p1\"><span class=\"s1\">Lic. Paola Patricia Valencia Hidalgo<\/span><\/p>\n<p class=\"p1\"><a href=\"mailto:pvalencia@sma.com.mx\" target=\"_blank\" rel=\"noopener noreferrer\"><span class=\"s1\">pvalencia@sma.com.mx<\/span><\/a><\/p>\n<p class=\"p1\"><span class=\"s1\">Corporativo Antara II Piso 3. Avenida Ej\u00e9rcito Nacional 843-B, Colonia Granada, C.P. 11520, Ciudad de M\u00e9xico, M\u00e9xico.<\/span><\/p>\n<p class=\"p1\"><span class=\"s1\">Tel\u00e9fono: <a href=\"tel:52518104\" target=\"_blank\" rel=\"noopener noreferrer\">52518104<\/a><\/span><\/p>\n","protected":false},"excerpt":{"rendered":"<p>Aviso de privacidad Pangea Administraci\u00f3n, S.C. (\u201cPangea Administraci\u00f3n\u201d), es una empresa consciente de la responsabilidad y confianza que usted deposita en nosotros, dedicada a proveer servicios relacionados a la administraci\u00f3n de FIBRA SOMA, fideicomisos de Inversi\u00f3n y dem\u00e1s servicios establecidos en t\u00e9rminos designados por FIBRA SOMA, por esto Pangea Administraci\u00f3n se encuentra comprometida con el [&hellip;]<\/p>\n","protected":false},"author":1,"featured_media":0,"parent":0,"menu_order":0,"comment_status":"closed","ping_status":"closed","template":"templates\/simple-template.php","meta":{"_acf_changed":false,"footnotes":""},"class_list":["post-1710","page","type-page","status-publish","hentry"],"acf":[],"yoast_head":"<!-- This site is optimized with the Yoast SEO plugin v27.3 - https:\/\/yoast.com\/product\/yoast-seo-wordpress\/ -->\n<title>Pol\u00edtica de Privacidad<\/title>\n<meta name=\"robots\" content=\"index, follow, max-snippet:-1, max-image-preview:large, max-video-preview:-1\" \/>\n<link rel=\"canonical\" href=\"https:\/\/soma.group\/es\/privacy-policy\/\" \/>\n<meta property=\"og:locale\" content=\"es_ES\" \/>\n<meta property=\"og:locale:alternate\" content=\"en_US\" \/>\n<meta property=\"og:type\" content=\"article\" \/>\n<meta property=\"og:title\" content=\"Pol\u00edtica de Privacidad\" \/>\n<meta property=\"og:description\" content=\"Aviso de privacidad Pangea Administraci\u00f3n, S.C. (\u201cPangea Administraci\u00f3n\u201d), es una empresa consciente de la responsabilidad y confianza que usted deposita en nosotros, dedicada a proveer servicios relacionados a la administraci\u00f3n de FIBRA SOMA, fideicomisos de Inversi\u00f3n y dem\u00e1s servicios establecidos en t\u00e9rminos designados por FIBRA SOMA, por esto Pangea Administraci\u00f3n se encuentra comprometida con el [&hellip;]\" \/>\n<meta property=\"og:url\" content=\"https:\/\/soma.group\/es\/privacy-policy\/\" \/>\n<meta property=\"og:site_name\" content=\"SOMA\" \/>\n<meta property=\"article:modified_time\" content=\"2022-01-05T23:55:34+00:00\" \/>\n<meta name=\"twitter:card\" content=\"summary_large_image\" \/>\n<meta name=\"twitter:label1\" content=\"Est. reading time\" \/>\n\t<meta name=\"twitter:data1\" content=\"10 minutes\" \/>\n<!-- \/ Yoast SEO plugin. -->","yoast_head_json":{"title":"Pol\u00edtica de Privacidad","robots":{"index":"index","follow":"follow","max-snippet":"max-snippet:-1","max-image-preview":"max-image-preview:large","max-video-preview":"max-video-preview:-1"},"canonical":"https:\/\/soma.group\/es\/privacy-policy\/","og_locale":"es_ES","og_type":"article","og_title":"[:en]Privacy Policy[:es]Pol\u00edtica de Privacidad[:] - SOMA","og_description":"Aviso de privacidad Pangea Administraci\u00f3n, S.C. (\u201cPangea Administraci\u00f3n\u201d), es una empresa consciente de la responsabilidad y confianza que usted deposita en nosotros, dedicada a proveer servicios relacionados a la administraci\u00f3n de FIBRA SOMA, fideicomisos de Inversi\u00f3n y dem\u00e1s servicios establecidos en t\u00e9rminos designados por FIBRA SOMA, por esto Pangea Administraci\u00f3n se encuentra comprometida con el [&hellip;]","og_url":"https:\/\/soma.group\/es\/privacy-policy\/","og_site_name":"SOMA","article_modified_time":"2022-01-05T23:55:34+00:00","twitter_card":"summary_large_image","twitter_misc":{"Est. reading time":"10 minutes"},"schema":{"@context":"https:\/\/schema.org","@graph":[{"@type":"WebPage","@id":"https:\/\/soma.group\/privacy-policy\/","url":"https:\/\/soma.group\/privacy-policy\/","name":"Pol\u00edtica de Privacidad","isPartOf":{"@id":"https:\/\/soma.group\/#website"},"datePublished":"2021-12-02T18:17:58+00:00","dateModified":"2022-01-05T23:55:34+00:00","breadcrumb":{"@id":"https:\/\/soma.group\/privacy-policy\/#breadcrumb"},"inLanguage":"es-ES","potentialAction":[{"@type":"ReadAction","target":["https:\/\/soma.group\/privacy-policy\/"]}]},{"@type":"BreadcrumbList","@id":"https:\/\/soma.group\/privacy-policy\/#breadcrumb","itemListElement":[{"@type":"ListItem","position":1,"name":"Home","item":"https:\/\/soma.group\/"},{"@type":"ListItem","position":2,"name":"Privacy Policy"}]},{"@type":"WebSite","@id":"https:\/\/soma.group\/#website","url":"https:\/\/soma.group\/","name":"SOMA","description":"","publisher":{"@id":"https:\/\/soma.group\/#organization"},"potentialAction":[{"@type":"SearchAction","target":{"@type":"EntryPoint","urlTemplate":"https:\/\/soma.group\/?s={search_term_string}"},"query-input":{"@type":"PropertyValueSpecification","valueRequired":true,"valueName":"search_term_string"}}],"inLanguage":"es-ES"},{"@type":"Organization","@id":"https:\/\/soma.group\/#organization","name":"SOMA","url":"https:\/\/soma.group\/","logo":{"@type":"ImageObject","inLanguage":"es-ES","@id":"https:\/\/soma.group\/#\/schema\/logo\/image\/","url":"https:\/\/soma.group\/wp-content\/uploads\/2020\/10\/soma_black.svg","contentUrl":"https:\/\/soma.group\/wp-content\/uploads\/2020\/10\/soma_black.svg","width":151,"height":37,"caption":"SOMA"},"image":{"@id":"https:\/\/soma.group\/#\/schema\/logo\/image\/"}}]}},"_links":{"self":[{"href":"https:\/\/soma.group\/es\/wp-json\/wp\/v2\/pages\/1710","targetHints":{"allow":["GET"]}}],"collection":[{"href":"https:\/\/soma.group\/es\/wp-json\/wp\/v2\/pages"}],"about":[{"href":"https:\/\/soma.group\/es\/wp-json\/wp\/v2\/types\/page"}],"author":[{"embeddable":true,"href":"https:\/\/soma.group\/es\/wp-json\/wp\/v2\/users\/1"}],"replies":[{"embeddable":true,"href":"https:\/\/soma.group\/es\/wp-json\/wp\/v2\/comments?post=1710"}],"version-history":[{"count":15,"href":"https:\/\/soma.group\/es\/wp-json\/wp\/v2\/pages\/1710\/revisions"}],"predecessor-version":[{"id":1755,"href":"https:\/\/soma.group\/es\/wp-json\/wp\/v2\/pages\/1710\/revisions\/1755"}],"wp:attachment":[{"href":"https:\/\/soma.group\/es\/wp-json\/wp\/v2\/media?parent=1710"}],"curies":[{"name":"wp","href":"https:\/\/api.w.org\/{rel}","templated":true}]}}