{"id":16,"date":"2020-10-17T17:59:26","date_gmt":"2020-10-17T17:59:26","guid":{"rendered":"https:\/\/dev.soma.group\/?page_id=16"},"modified":"2025-07-23T19:30:37","modified_gmt":"2025-07-23T19:30:37","slug":"soma-contemporary-art","status":"publish","type":"page","link":"https:\/\/soma.group\/es\/business-units\/soma-contemporary-art\/","title":{"rendered":"SOMA Art"},"content":{"rendered":"","protected":false},"excerpt":{"rendered":"","protected":false},"author":1,"featured_media":1886,"parent":14,"menu_order":10,"comment_status":"closed","ping_status":"closed","template":"templates\/business-unit-template.php","meta":{"_acf_changed":false,"footnotes":""},"class_list":["post-16","page","type-page","status-publish","has-post-thumbnail","hentry"],"acf":[],"yoast_head":"<!-- This site is optimized with the Yoast SEO plugin v27.4 - https:\/\/yoast.com\/product\/yoast-seo-wordpress\/ -->\n<title>SOMA Art<\/title>\n<meta name=\"description\" content=\"SOMA est\u00e1 comprometido con llevar el arte contempor\u00e1neo a la esfera p\u00fablica donde pueda inspirar a personas de todos los \u00e1mbitos de la vida.\" \/>\n<meta name=\"robots\" content=\"index, follow, max-snippet:-1, max-image-preview:large, max-video-preview:-1\" \/>\n<link rel=\"canonical\" href=\"https:\/\/soma.group\/es\/business-units\/soma-contemporary-art\/\" \/>\n<meta property=\"og:locale\" content=\"es_ES\" \/>\n<meta property=\"og:locale:alternate\" content=\"en_US\" \/>\n<meta property=\"og:type\" content=\"article\" \/>\n<meta property=\"og:title\" content=\"SOMA Art\" \/>\n<meta property=\"og:description\" content=\"SOMA est\u00e1 comprometido con llevar el arte contempor\u00e1neo a la esfera p\u00fablica donde pueda inspirar a personas de todos los \u00e1mbitos de la vida.\" \/>\n<meta property=\"og:url\" content=\"https:\/\/soma.group\/es\/business-units\/soma-contemporary-art\/\" \/>\n<meta property=\"og:site_name\" content=\"SOMA\" \/>\n<meta property=\"article:modified_time\" content=\"2025-07-23T19:30:37+00:00\" \/>\n<meta property=\"og:image\" content=\"https:\/\/soma.group\/wp-content\/uploads\/2025\/07\/Untitled-3.png\" \/>\n\t<meta property=\"og:image:width\" content=\"1477\" \/>\n\t<meta property=\"og:image:height\" content=\"875\" \/>\n\t<meta property=\"og:image:type\" content=\"image\/png\" \/>\n<meta name=\"twitter:card\" content=\"summary_large_image\" \/>\n<meta name=\"twitter:label1\" content=\"Est. reading time\" \/>\n\t<meta name=\"twitter:data1\" content=\"1 minute\" \/>\n<!-- \/ Yoast SEO plugin. -->","yoast_head_json":{"title":"SOMA Art","description":"SOMA est\u00e1 comprometido con llevar el arte contempor\u00e1neo a la esfera p\u00fablica donde pueda inspirar a personas de todos los \u00e1mbitos de la vida.","robots":{"index":"index","follow":"follow","max-snippet":"max-snippet:-1","max-image-preview":"max-image-preview:large","max-video-preview":"max-video-preview:-1"},"canonical":"https:\/\/soma.group\/es\/business-units\/soma-contemporary-art\/","og_locale":"es_ES","og_type":"article","og_title":"[:en][:en]SOMA Art[:es]SOMA Art[:] [:]","og_description":"[:en]SOMA is deeply committed to bringing contemporary art into the public sphere where it can inspire people from all walks of life[:es]SOMA est\u00e1 comprometido con llevar el arte contempor\u00e1neo a la esfera p\u00fablica donde pueda inspirar a personas de todos los \u00e1mbitos de la vida.[:]","og_url":"https:\/\/soma.group\/es\/business-units\/soma-contemporary-art\/","og_site_name":"SOMA","article_modified_time":"2025-07-23T19:30:37+00:00","og_image":[{"width":1477,"height":875,"url":"https:\/\/soma.group\/wp-content\/uploads\/2025\/07\/Untitled-3.png","type":"image\/png"}],"twitter_card":"summary_large_image","twitter_misc":{"Est. reading time":"1 minute"},"schema":{"@context":"https:\/\/schema.org","@graph":[{"@type":"WebPage","@id":"https:\/\/soma.group\/business-units\/soma-contemporary-art\/","url":"https:\/\/soma.group\/business-units\/soma-contemporary-art\/","name":"SOMA Art","isPartOf":{"@id":"https:\/\/soma.group\/#website"},"primaryImageOfPage":{"@id":"https:\/\/soma.group\/business-units\/soma-contemporary-art\/#primaryimage"},"image":{"@id":"https:\/\/soma.group\/business-units\/soma-contemporary-art\/#primaryimage"},"thumbnailUrl":"https:\/\/soma.group\/wp-content\/uploads\/2025\/07\/Untitled-3.png","datePublished":"2020-10-17T17:59:26+00:00","dateModified":"2025-07-23T19:30:37+00:00","description":"SOMA est\u00e1 comprometido con llevar el arte contempor\u00e1neo a la esfera p\u00fablica donde pueda inspirar a personas de todos los \u00e1mbitos de la vida.","breadcrumb":{"@id":"https:\/\/soma.group\/business-units\/soma-contemporary-art\/#breadcrumb"},"inLanguage":"es-ES","potentialAction":[{"@type":"ReadAction","target":["https:\/\/soma.group\/business-units\/soma-contemporary-art\/"]}]},{"@type":"ImageObject","inLanguage":"es-ES","@id":"https:\/\/soma.group\/business-units\/soma-contemporary-art\/#primaryimage","url":"https:\/\/soma.group\/wp-content\/uploads\/2025\/07\/Untitled-3.png","contentUrl":"https:\/\/soma.group\/wp-content\/uploads\/2025\/07\/Untitled-3.png","width":1477,"height":875},{"@type":"BreadcrumbList","@id":"https:\/\/soma.group\/business-units\/soma-contemporary-art\/#breadcrumb","itemListElement":[{"@type":"ListItem","position":1,"name":"Home","item":"https:\/\/soma.group\/"},{"@type":"ListItem","position":2,"name":"Our Units","item":"https:\/\/soma.group\/business-units\/"},{"@type":"ListItem","position":3,"name":"SOMA Art"}]},{"@type":"WebSite","@id":"https:\/\/soma.group\/#website","url":"https:\/\/soma.group\/","name":"SOMA","description":"","publisher":{"@id":"https:\/\/soma.group\/#organization"},"potentialAction":[{"@type":"SearchAction","target":{"@type":"EntryPoint","urlTemplate":"https:\/\/soma.group\/?s={search_term_string}"},"query-input":{"@type":"PropertyValueSpecification","valueRequired":true,"valueName":"search_term_string"}}],"inLanguage":"es-ES"},{"@type":"Organization","@id":"https:\/\/soma.group\/#organization","name":"SOMA","url":"https:\/\/soma.group\/","logo":{"@type":"ImageObject","inLanguage":"es-ES","@id":"https:\/\/soma.group\/#\/schema\/logo\/image\/","url":"https:\/\/soma.group\/wp-content\/uploads\/2020\/10\/soma_black.svg","contentUrl":"https:\/\/soma.group\/wp-content\/uploads\/2020\/10\/soma_black.svg","width":151,"height":37,"caption":"SOMA"},"image":{"@id":"https:\/\/soma.group\/#\/schema\/logo\/image\/"}}]}},"_links":{"self":[{"href":"https:\/\/soma.group\/es\/wp-json\/wp\/v2\/pages\/16","targetHints":{"allow":["GET"]}}],"collection":[{"href":"https:\/\/soma.group\/es\/wp-json\/wp\/v2\/pages"}],"about":[{"href":"https:\/\/soma.group\/es\/wp-json\/wp\/v2\/types\/page"}],"author":[{"embeddable":true,"href":"https:\/\/soma.group\/es\/wp-json\/wp\/v2\/users\/1"}],"replies":[{"embeddable":true,"href":"https:\/\/soma.group\/es\/wp-json\/wp\/v2\/comments?post=16"}],"version-history":[{"count":14,"href":"https:\/\/soma.group\/es\/wp-json\/wp\/v2\/pages\/16\/revisions"}],"predecessor-version":[{"id":1887,"href":"https:\/\/soma.group\/es\/wp-json\/wp\/v2\/pages\/16\/revisions\/1887"}],"up":[{"embeddable":true,"href":"https:\/\/soma.group\/es\/wp-json\/wp\/v2\/pages\/14"}],"wp:featuredmedia":[{"embeddable":true,"href":"https:\/\/soma.group\/es\/wp-json\/wp\/v2\/media\/1886"}],"wp:attachment":[{"href":"https:\/\/soma.group\/es\/wp-json\/wp\/v2\/media?parent=16"}],"curies":[{"name":"wp","href":"https:\/\/api.w.org\/{rel}","templated":true}]}}