{"id":14,"date":"2020-10-17T17:59:13","date_gmt":"2020-10-17T17:59:13","guid":{"rendered":"https:\/\/dev.soma.group\/?page_id=14"},"modified":"2021-12-13T17:39:34","modified_gmt":"2021-12-13T17:39:34","slug":"business-units","status":"publish","type":"page","link":"https:\/\/soma.group\/es\/business-units\/","title":{"rendered":"Unidades"},"content":{"rendered":"","protected":false},"excerpt":{"rendered":"","protected":false},"author":1,"featured_media":64,"parent":0,"menu_order":6,"comment_status":"closed","ping_status":"closed","template":"","meta":{"_acf_changed":false,"footnotes":""},"class_list":["post-14","page","type-page","status-publish","has-post-thumbnail","hentry"],"acf":[],"yoast_head":"<!-- This site is optimized with the Yoast SEO plugin v27.4 - https:\/\/yoast.com\/product\/yoast-seo-wordpress\/ -->\n<title>Unidades<\/title>\n<meta name=\"description\" content=\"SOMA busca oportunidades para crear marcos \u00fanicos informados que tendr\u00e1n un impacto positivo importante en la din\u00e1mica urbana y los barrios.\" \/>\n<meta name=\"robots\" content=\"index, follow, max-snippet:-1, max-image-preview:large, max-video-preview:-1\" \/>\n<link rel=\"canonical\" href=\"https:\/\/soma.group\/es\/business-units\/\" \/>\n<meta property=\"og:locale\" content=\"es_ES\" \/>\n<meta property=\"og:locale:alternate\" content=\"en_US\" \/>\n<meta property=\"og:type\" content=\"article\" \/>\n<meta property=\"og:title\" content=\"Unidades\" \/>\n<meta property=\"og:description\" content=\"SOMA seeks opportunities to create unique frameworks informed that will have an important positive impact on urban dynamics and neighborhoods\" \/>\n<meta property=\"og:url\" content=\"https:\/\/soma.group\/es\/business-units\/\" \/>\n<meta property=\"og:site_name\" content=\"SOMA\" \/>\n<meta property=\"article:modified_time\" content=\"2021-12-13T17:39:34+00:00\" \/>\n<meta property=\"og:image\" content=\"https:\/\/soma.group\/wp-content\/uploads\/2020\/10\/home_image_1.png\" \/>\n\t<meta property=\"og:image:width\" content=\"844\" \/>\n\t<meta property=\"og:image:height\" content=\"500\" \/>\n\t<meta property=\"og:image:type\" content=\"image\/png\" \/>\n<meta name=\"twitter:card\" content=\"summary_large_image\" \/>\n<!-- \/ Yoast SEO plugin. -->","yoast_head_json":{"title":"Unidades","description":"SOMA busca oportunidades para crear marcos \u00fanicos informados que tendr\u00e1n un impacto positivo importante en la din\u00e1mica urbana y los barrios.","robots":{"index":"index","follow":"follow","max-snippet":"max-snippet:-1","max-image-preview":"max-image-preview:large","max-video-preview":"max-video-preview:-1"},"canonical":"https:\/\/soma.group\/es\/business-units\/","og_locale":"es_ES","og_type":"article","og_title":"[:en]Our Units[:es]Unidades[:] - SOMA","og_description":"SOMA seeks opportunities to create unique frameworks informed that will have an important positive impact on urban dynamics and neighborhoods","og_url":"https:\/\/soma.group\/es\/business-units\/","og_site_name":"SOMA","article_modified_time":"2021-12-13T17:39:34+00:00","og_image":[{"width":844,"height":500,"url":"https:\/\/soma.group\/wp-content\/uploads\/2020\/10\/home_image_1.png","type":"image\/png"}],"twitter_card":"summary_large_image","schema":{"@context":"https:\/\/schema.org","@graph":[{"@type":"WebPage","@id":"https:\/\/soma.group\/business-units\/","url":"https:\/\/soma.group\/business-units\/","name":"Unidades","isPartOf":{"@id":"https:\/\/soma.group\/#website"},"primaryImageOfPage":{"@id":"https:\/\/soma.group\/business-units\/#primaryimage"},"image":{"@id":"https:\/\/soma.group\/business-units\/#primaryimage"},"thumbnailUrl":"https:\/\/soma.group\/wp-content\/uploads\/2020\/10\/home_image_1.png","datePublished":"2020-10-17T17:59:13+00:00","dateModified":"2021-12-13T17:39:34+00:00","description":"SOMA seeks opportunities to create unique frameworks informed that will have an important positive impact on urban dynamics and neighborhoods","breadcrumb":{"@id":"https:\/\/soma.group\/business-units\/#breadcrumb"},"inLanguage":"es-ES","potentialAction":[{"@type":"ReadAction","target":["https:\/\/soma.group\/business-units\/"]}]},{"@type":"ImageObject","inLanguage":"es-ES","@id":"https:\/\/soma.group\/business-units\/#primaryimage","url":"https:\/\/soma.group\/wp-content\/uploads\/2020\/10\/home_image_1.png","contentUrl":"https:\/\/soma.group\/wp-content\/uploads\/2020\/10\/home_image_1.png","width":844,"height":500,"caption":"SOMA Real Estate"},{"@type":"BreadcrumbList","@id":"https:\/\/soma.group\/business-units\/#breadcrumb","itemListElement":[{"@type":"ListItem","position":1,"name":"Home","item":"https:\/\/soma.group\/"},{"@type":"ListItem","position":2,"name":"Our Units"}]},{"@type":"WebSite","@id":"https:\/\/soma.group\/#website","url":"https:\/\/soma.group\/","name":"SOMA","description":"","publisher":{"@id":"https:\/\/soma.group\/#organization"},"potentialAction":[{"@type":"SearchAction","target":{"@type":"EntryPoint","urlTemplate":"https:\/\/soma.group\/?s={search_term_string}"},"query-input":{"@type":"PropertyValueSpecification","valueRequired":true,"valueName":"search_term_string"}}],"inLanguage":"es-ES"},{"@type":"Organization","@id":"https:\/\/soma.group\/#organization","name":"SOMA","url":"https:\/\/soma.group\/","logo":{"@type":"ImageObject","inLanguage":"es-ES","@id":"https:\/\/soma.group\/#\/schema\/logo\/image\/","url":"https:\/\/soma.group\/wp-content\/uploads\/2020\/10\/soma_black.svg","contentUrl":"https:\/\/soma.group\/wp-content\/uploads\/2020\/10\/soma_black.svg","width":151,"height":37,"caption":"SOMA"},"image":{"@id":"https:\/\/soma.group\/#\/schema\/logo\/image\/"}}]}},"_links":{"self":[{"href":"https:\/\/soma.group\/es\/wp-json\/wp\/v2\/pages\/14","targetHints":{"allow":["GET"]}}],"collection":[{"href":"https:\/\/soma.group\/es\/wp-json\/wp\/v2\/pages"}],"about":[{"href":"https:\/\/soma.group\/es\/wp-json\/wp\/v2\/types\/page"}],"author":[{"embeddable":true,"href":"https:\/\/soma.group\/es\/wp-json\/wp\/v2\/users\/1"}],"replies":[{"embeddable":true,"href":"https:\/\/soma.group\/es\/wp-json\/wp\/v2\/comments?post=14"}],"version-history":[{"count":9,"href":"https:\/\/soma.group\/es\/wp-json\/wp\/v2\/pages\/14\/revisions"}],"predecessor-version":[{"id":1744,"href":"https:\/\/soma.group\/es\/wp-json\/wp\/v2\/pages\/14\/revisions\/1744"}],"wp:featuredmedia":[{"embeddable":true,"href":"https:\/\/soma.group\/es\/wp-json\/wp\/v2\/media\/64"}],"wp:attachment":[{"href":"https:\/\/soma.group\/es\/wp-json\/wp\/v2\/media?parent=14"}],"curies":[{"name":"wp","href":"https:\/\/api.w.org\/{rel}","templated":true}]}}