{"id":10,"date":"2020-10-17T17:58:52","date_gmt":"2020-10-17T17:58:52","guid":{"rendered":"https:\/\/dev.soma.group\/?page_id=10"},"modified":"2026-01-15T16:24:40","modified_gmt":"2026-01-15T16:24:40","slug":"company","status":"publish","type":"page","link":"https:\/\/soma.group\/es\/company\/","title":{"rendered":"Compa\u00f1\u00eda"},"content":{"rendered":"","protected":false},"excerpt":{"rendered":"","protected":false},"author":1,"featured_media":834,"parent":0,"menu_order":13,"comment_status":"closed","ping_status":"closed","template":"","meta":{"_acf_changed":false,"footnotes":""},"class_list":["post-10","page","type-page","status-publish","has-post-thumbnail","hentry"],"acf":[],"yoast_head":"<!-- This site is optimized with the Yoast SEO plugin v27.4 - https:\/\/yoast.com\/product\/yoast-seo-wordpress\/ -->\n<title>Compa\u00f1\u00eda<\/title>\n<meta name=\"description\" content=\"Medimos el progreso en t\u00e9rminos humanos y de esta manera cultivamos las condiciones para el \u00e9xito econ\u00f3mico de nuestro negocio.\" \/>\n<meta name=\"robots\" content=\"index, follow, max-snippet:-1, max-image-preview:large, max-video-preview:-1\" \/>\n<link rel=\"canonical\" href=\"https:\/\/soma.group\/es\/company\/\" \/>\n<meta property=\"og:locale\" content=\"es_ES\" \/>\n<meta property=\"og:locale:alternate\" content=\"en_US\" \/>\n<meta property=\"og:type\" content=\"article\" \/>\n<meta property=\"og:title\" content=\"Compa\u00f1\u00eda\" \/>\n<meta property=\"og:description\" content=\"Medimos el progreso en t\u00e9rminos humanos y de esta manera cultivamos las condiciones para el \u00e9xito econ\u00f3mico de nuestro negocio.\" \/>\n<meta property=\"og:url\" content=\"https:\/\/soma.group\/es\/company\/\" \/>\n<meta property=\"og:site_name\" content=\"SOMA\" \/>\n<meta property=\"article:modified_time\" content=\"2026-01-15T16:24:40+00:00\" \/>\n<meta property=\"og:image\" content=\"https:\/\/soma.group\/wp-content\/uploads\/2021\/07\/company-soma-oficinas-mexico-city.jpg\" \/>\n\t<meta property=\"og:image:width\" content=\"953\" \/>\n\t<meta property=\"og:image:height\" content=\"565\" \/>\n\t<meta property=\"og:image:type\" content=\"image\/jpeg\" \/>\n<meta name=\"twitter:card\" content=\"summary_large_image\" \/>\n<meta name=\"twitter:label1\" content=\"Est. reading time\" \/>\n\t<meta name=\"twitter:data1\" content=\"1 minute\" \/>\n<!-- \/ Yoast SEO plugin. -->","yoast_head_json":{"title":"Compa\u00f1\u00eda","description":"Medimos el progreso en t\u00e9rminos humanos y de esta manera cultivamos las condiciones para el \u00e9xito econ\u00f3mico de nuestro negocio.","robots":{"index":"index","follow":"follow","max-snippet":"max-snippet:-1","max-image-preview":"max-image-preview:large","max-video-preview":"max-video-preview:-1"},"canonical":"https:\/\/soma.group\/es\/company\/","og_locale":"es_ES","og_type":"article","og_title":"[:en]Company[:es]Compa\u00f1\u00eda[:] - SOMA","og_description":"[:en]We measure progress in human terms and in this way, we cultivate the conditions for economic success of our business.[:es]Medimos el progreso en t\u00e9rminos humanos y de esta manera cultivamos las condiciones para el \u00e9xito econ\u00f3mico de nuestro negocio.[:]","og_url":"https:\/\/soma.group\/es\/company\/","og_site_name":"SOMA","article_modified_time":"2026-01-15T16:24:40+00:00","og_image":[{"width":953,"height":565,"url":"https:\/\/soma.group\/wp-content\/uploads\/2021\/07\/company-soma-oficinas-mexico-city.jpg","type":"image\/jpeg"}],"twitter_card":"summary_large_image","twitter_misc":{"Est. reading time":"1 minute"},"schema":{"@context":"https:\/\/schema.org","@graph":[{"@type":"WebPage","@id":"https:\/\/soma.group\/company\/","url":"https:\/\/soma.group\/company\/","name":"Compa\u00f1\u00eda","isPartOf":{"@id":"https:\/\/soma.group\/#website"},"primaryImageOfPage":{"@id":"https:\/\/soma.group\/company\/#primaryimage"},"image":{"@id":"https:\/\/soma.group\/company\/#primaryimage"},"thumbnailUrl":"https:\/\/soma.group\/wp-content\/uploads\/2021\/07\/company-soma-oficinas-mexico-city.jpg","datePublished":"2020-10-17T17:58:52+00:00","dateModified":"2026-01-15T16:24:40+00:00","description":"Medimos el progreso en t\u00e9rminos humanos y de esta manera cultivamos las condiciones para el \u00e9xito econ\u00f3mico de nuestro negocio.","breadcrumb":{"@id":"https:\/\/soma.group\/company\/#breadcrumb"},"inLanguage":"es-ES","potentialAction":[{"@type":"ReadAction","target":["https:\/\/soma.group\/company\/"]}]},{"@type":"ImageObject","inLanguage":"es-ES","@id":"https:\/\/soma.group\/company\/#primaryimage","url":"https:\/\/soma.group\/wp-content\/uploads\/2021\/07\/company-soma-oficinas-mexico-city.jpg","contentUrl":"https:\/\/soma.group\/wp-content\/uploads\/2021\/07\/company-soma-oficinas-mexico-city.jpg","width":953,"height":565},{"@type":"BreadcrumbList","@id":"https:\/\/soma.group\/company\/#breadcrumb","itemListElement":[{"@type":"ListItem","position":1,"name":"Home","item":"https:\/\/soma.group\/"},{"@type":"ListItem","position":2,"name":"Company"}]},{"@type":"WebSite","@id":"https:\/\/soma.group\/#website","url":"https:\/\/soma.group\/","name":"SOMA","description":"","publisher":{"@id":"https:\/\/soma.group\/#organization"},"potentialAction":[{"@type":"SearchAction","target":{"@type":"EntryPoint","urlTemplate":"https:\/\/soma.group\/?s={search_term_string}"},"query-input":{"@type":"PropertyValueSpecification","valueRequired":true,"valueName":"search_term_string"}}],"inLanguage":"es-ES"},{"@type":"Organization","@id":"https:\/\/soma.group\/#organization","name":"SOMA","url":"https:\/\/soma.group\/","logo":{"@type":"ImageObject","inLanguage":"es-ES","@id":"https:\/\/soma.group\/#\/schema\/logo\/image\/","url":"https:\/\/soma.group\/wp-content\/uploads\/2020\/10\/soma_black.svg","contentUrl":"https:\/\/soma.group\/wp-content\/uploads\/2020\/10\/soma_black.svg","width":151,"height":37,"caption":"SOMA"},"image":{"@id":"https:\/\/soma.group\/#\/schema\/logo\/image\/"}}]}},"_links":{"self":[{"href":"https:\/\/soma.group\/es\/wp-json\/wp\/v2\/pages\/10","targetHints":{"allow":["GET"]}}],"collection":[{"href":"https:\/\/soma.group\/es\/wp-json\/wp\/v2\/pages"}],"about":[{"href":"https:\/\/soma.group\/es\/wp-json\/wp\/v2\/types\/page"}],"author":[{"embeddable":true,"href":"https:\/\/soma.group\/es\/wp-json\/wp\/v2\/users\/1"}],"replies":[{"embeddable":true,"href":"https:\/\/soma.group\/es\/wp-json\/wp\/v2\/comments?post=10"}],"version-history":[{"count":96,"href":"https:\/\/soma.group\/es\/wp-json\/wp\/v2\/pages\/10\/revisions"}],"predecessor-version":[{"id":2008,"href":"https:\/\/soma.group\/es\/wp-json\/wp\/v2\/pages\/10\/revisions\/2008"}],"wp:featuredmedia":[{"embeddable":true,"href":"https:\/\/soma.group\/es\/wp-json\/wp\/v2\/media\/834"}],"wp:attachment":[{"href":"https:\/\/soma.group\/es\/wp-json\/wp\/v2\/media?parent=10"}],"curies":[{"name":"wp","href":"https:\/\/api.w.org\/{rel}","templated":true}]}}